{"id":6,"date":"2026-03-18T22:00:29","date_gmt":"2026-03-18T22:00:29","guid":{"rendered":"https:\/\/www.ecole-sainteblandine.fr\/?page_id=6"},"modified":"2026-03-18T23:26:13","modified_gmt":"2026-03-18T22:26:13","slug":"accueil","status":"publish","type":"page","link":"https:\/\/www.ecole-sainteblandine.fr\/","title":{"rendered":"Accueil"},"content":{"rendered":"\n<h1 class=\"wp-block-heading\">\u00c9cole Sainte-Blandine<\/h1>\n\n\n\n<p>7, Espace Christian Bail<br><strong>42100 Saint-\u00c9tienne<br><\/strong><\/p>\n\n\n\n<p><strong>T\u00e9l. :<\/strong> 0477957976<br><strong>E-Mail :<\/strong> <a href=\"mailto:direction@ecole-sainteblandine.fr\">Nous contacter<\/a><\/p>\n\n\n\n<p><\/p>\n","protected":false},"excerpt":{"rendered":"<p>\u00c9cole Sainte-Blandine 7, Espace Christian Bail42100 Saint-\u00c9tienne T\u00e9l. : 0477957976E-Mail : Nous contacter<\/p>\n","protected":false},"author":1,"featured_media":0,"parent":0,"menu_order":0,"comment_status":"closed","ping_status":"closed","template":"","meta":{"footnotes":""},"class_list":["post-6","page","type-page","status-publish","hentry"],"_links":{"self":[{"href":"https:\/\/www.ecole-sainteblandine.fr\/index.php\/wp-json\/wp\/v2\/pages\/6","targetHints":{"allow":["GET"]}}],"collection":[{"href":"https:\/\/www.ecole-sainteblandine.fr\/index.php\/wp-json\/wp\/v2\/pages"}],"about":[{"href":"https:\/\/www.ecole-sainteblandine.fr\/index.php\/wp-json\/wp\/v2\/types\/page"}],"author":[{"embeddable":true,"href":"https:\/\/www.ecole-sainteblandine.fr\/index.php\/wp-json\/wp\/v2\/users\/1"}],"replies":[{"embeddable":true,"href":"https:\/\/www.ecole-sainteblandine.fr\/index.php\/wp-json\/wp\/v2\/comments?post=6"}],"version-history":[{"count":8,"href":"https:\/\/www.ecole-sainteblandine.fr\/index.php\/wp-json\/wp\/v2\/pages\/6\/revisions"}],"predecessor-version":[{"id":27,"href":"https:\/\/www.ecole-sainteblandine.fr\/index.php\/wp-json\/wp\/v2\/pages\/6\/revisions\/27"}],"wp:attachment":[{"href":"https:\/\/www.ecole-sainteblandine.fr\/index.php\/wp-json\/wp\/v2\/media?parent=6"}],"curies":[{"name":"wp","href":"https:\/\/api.w.org\/{rel}","templated":true}]}}